

























{"id":21865,"date":"2020-02-24T11:28:35","date_gmt":"2020-02-24T11:28:35","guid":{"rendered":"https:\/\/childrenscenturyclassics.com\/opciones-de-suscripcion\/"},"modified":"2020-02-26T04:56:10","modified_gmt":"2020-02-26T04:56:10","slug":"signup","status":"publish","type":"page","link":"https:\/\/api.childrenscenturyclassics.com\/es\/signup\/","title":{"rendered":"Opciones de suscripci\u00f3n"},"content":{"rendered":"\t\t<div data-elementor-type=\"wp-post\" data-elementor-id=\"21865\" class=\"elementor elementor-21865 elementor-223\">\n\t\t\t\t\t\t<section class=\"elementor-section elementor-top-section elementor-element elementor-element-d019967 elementor-section-stretched elementor-section-boxed elementor-section-height-default elementor-section-height-default\" data-id=\"d019967\" data-element_type=\"section\" data-settings=\"{&quot;stretch_section&quot;:&quot;section-stretched&quot;,&quot;background_background&quot;:&quot;classic&quot;}\">\n\t\t\t\t\t\t<div class=\"elementor-container elementor-column-gap-default\">\n\t\t\t\t\t<div class=\"elementor-column elementor-col-100 elementor-top-column elementor-element elementor-element-6ed140fd\" data-id=\"6ed140fd\" data-element_type=\"column\">\n\t\t\t<div class=\"elementor-widget-wrap elementor-element-populated\">\n\t\t\t\t\t\t<div class=\"elementor-element elementor-element-8723c3f elementor-widget elementor-widget-spacer\" data-id=\"8723c3f\" data-element_type=\"widget\" data-widget_type=\"spacer.default\">\n\t\t\t\t<div class=\"elementor-widget-container\">\n\t\t\t\t\t\t\t<div class=\"elementor-spacer\">\n\t\t\t<div class=\"elementor-spacer-inner\"><\/div>\n\t\t<\/div>\n\t\t\t\t\t\t<\/div>\n\t\t\t\t<\/div>\n\t\t\t\t<div class=\"elementor-element elementor-element-5c776dca elementor-widget elementor-widget-spacer\" data-id=\"5c776dca\" data-element_type=\"widget\" data-widget_type=\"spacer.default\">\n\t\t\t\t<div class=\"elementor-widget-container\">\n\t\t\t\t\t\t\t<div class=\"elementor-spacer\">\n\t\t\t<div class=\"elementor-spacer-inner\"><\/div>\n\t\t<\/div>\n\t\t\t\t\t\t<\/div>\n\t\t\t\t<\/div>\n\t\t\t\t\t<\/div>\n\t\t<\/div>\n\t\t\t\t\t<\/div>\n\t\t<\/section>\n\t\t\t\t<section class=\"elementor-section elementor-top-section elementor-element elementor-element-5f95591a elementor-section-stretched elementor-section-boxed elementor-section-height-default elementor-section-height-default\" data-id=\"5f95591a\" data-element_type=\"section\" data-settings=\"{&quot;stretch_section&quot;:&quot;section-stretched&quot;,&quot;background_background&quot;:&quot;classic&quot;}\">\n\t\t\t\t\t\t<div class=\"elementor-container elementor-column-gap-default\">\n\t\t\t\t\t<div class=\"elementor-column elementor-col-100 elementor-top-column elementor-element elementor-element-25a9ecd3\" data-id=\"25a9ecd3\" data-element_type=\"column\" data-settings=\"{&quot;background_background&quot;:&quot;classic&quot;}\">\n\t\t\t<div class=\"elementor-widget-wrap elementor-element-populated\">\n\t\t\t\t\t\t<div class=\"elementor-element elementor-element-7e1e2bcc elementor-widget elementor-widget-heading\" data-id=\"7e1e2bcc\" data-element_type=\"widget\" data-widget_type=\"heading.default\">\n\t\t\t\t<div class=\"elementor-widget-container\">\n\t\t\t\t\t<h2 class=\"elementor-heading-title elementor-size-default\">Elige tu Plan de Suscripci\u00f3n<\/h2>\t\t\t\t<\/div>\n\t\t\t\t<\/div>\n\t\t\t\t<div class=\"elementor-element elementor-element-b6fbf48 elementor-widget elementor-widget-spacer\" data-id=\"b6fbf48\" data-element_type=\"widget\" data-widget_type=\"spacer.default\">\n\t\t\t\t<div class=\"elementor-widget-container\">\n\t\t\t\t\t\t\t<div class=\"elementor-spacer\">\n\t\t\t<div class=\"elementor-spacer-inner\"><\/div>\n\t\t<\/div>\n\t\t\t\t\t\t<\/div>\n\t\t\t\t<\/div>\n\t\t\t\t<section class=\"elementor-section elementor-inner-section elementor-element elementor-element-6ed2e6c3 elementor-section-boxed elementor-section-height-default elementor-section-height-default\" data-id=\"6ed2e6c3\" data-element_type=\"section\">\n\t\t\t\t\t\t<div class=\"elementor-container elementor-column-gap-default\">\n\t\t\t\t\t<div class=\"elementor-column elementor-col-50 elementor-inner-column elementor-element elementor-element-7847aa4e\" data-id=\"7847aa4e\" data-element_type=\"column\">\n\t\t\t<div class=\"elementor-widget-wrap elementor-element-populated\">\n\t\t\t\t\t\t<div class=\"elementor-element elementor-element-78d742cc elementor-widget elementor-widget-price-table\" data-id=\"78d742cc\" data-element_type=\"widget\" data-widget_type=\"price-table.default\">\n\t\t\t\t<div class=\"elementor-widget-container\">\n\t\t\t\t\t \t\t\t\t<\/div>\n\t\t\t\t<\/div>\n\t\t\t\t\t<\/div>\n\t\t<\/div>\n\t\t\t\t<div class=\"elementor-column elementor-col-50 elementor-inner-column elementor-element elementor-element-18bbadbe\" data-id=\"18bbadbe\" data-element_type=\"column\">\n\t\t\t<div class=\"elementor-widget-wrap elementor-element-populated\">\n\t\t\t\t\t\t<div class=\"elementor-element elementor-element-bb74234 elementor-widget elementor-widget-price-table\" data-id=\"bb74234\" data-element_type=\"widget\" data-widget_type=\"price-table.default\">\n\t\t\t\t<div class=\"elementor-widget-container\">\n\t\t\t\t\t \t\t\t\t<\/div>\n\t\t\t\t<\/div>\n\t\t\t\t\t<\/div>\n\t\t<\/div>\n\t\t\t\t\t<\/div>\n\t\t<\/section>\n\t\t\t\t<div class=\"elementor-element elementor-element-25a6fe4 elementor-widget elementor-widget-spacer\" data-id=\"25a6fe4\" data-element_type=\"widget\" data-widget_type=\"spacer.default\">\n\t\t\t\t<div class=\"elementor-widget-container\">\n\t\t\t\t\t\t\t<div class=\"elementor-spacer\">\n\t\t\t<div class=\"elementor-spacer-inner\"><\/div>\n\t\t<\/div>\n\t\t\t\t\t\t<\/div>\n\t\t\t\t<\/div>\n\t\t\t\t\t<\/div>\n\t\t<\/div>\n\t\t\t\t\t<\/div>\n\t\t<\/section>\n\t\t\t\t<\/div>\n\t\t","protected":false},"excerpt":{"rendered":"<p>Elige tu Plan de Suscripci\u00f3n Prueba Gratuite de 30 D\u00edas &#36; 0 &nbsp; &nbsp; PRUEBA Audiolibros completos Cuestionarios y juegos Aplicaci\u00f3n para m\u00f3vil Registrarse Suscripci\u00f3n de por Vida &#36; 39 99 DE POR VIDA Audiolibros completos Cuestionarios y juegos Aplicaci\u00f3n para m\u00f3vil Registrarse<\/p>\n","protected":false},"author":1747,"featured_media":0,"parent":0,"menu_order":0,"comment_status":"closed","ping_status":"closed","template":"","meta":{"_acf_changed":false,"footnotes":"","_elementor_edit_mode":"builder","_elementor_template_type":"wp-post","_elementor_data":"[{\"id\":\"d019967\",\"elType\":\"section\",\"settings\":{\"stretch_section\":\"section-stretched\",\"background_background\":\"classic\",\"background_color\":\"#140d2e\",\"margin\":{\"unit\":\"px\",\"top\":\"0\",\"right\":0,\"bottom\":\"0\",\"left\":0,\"isLinked\":true},\"background_image\":{\"url\":\"https:\\\/\\\/childrenscenturyclassics.com\\\/wp-content\\\/uploads\\\/2019\\\/11\\\/Book-bg.svg\",\"id\":20834},\"background_position\":\"top right\",\"background_position_mobile\":\"center center\",\"background_repeat\":\"no-repeat\"},\"elements\":[{\"id\":\"6ed140fd\",\"elType\":\"column\",\"settings\":{\"_column_size\":100},\"elements\":[{\"id\":\"8723c3f\",\"elType\":\"widget\",\"settings\":{\"space_tablet\":{\"unit\":\"px\",\"size\":20}},\"elements\":[],\"widgetType\":\"spacer\"},{\"id\":\"5c776dca\",\"elType\":\"widget\",\"settings\":{\"space\":{\"unit\":\"px\",\"size\":600}},\"elements\":[],\"widgetType\":\"spacer\"}],\"isInner\":false}],\"isInner\":false},{\"id\":\"5f95591a\",\"elType\":\"section\",\"settings\":{\"stretch_section\":\"section-stretched\",\"margin\":{\"unit\":\"px\",\"top\":\"0\",\"right\":0,\"bottom\":\"0\",\"left\":0,\"isLinked\":false},\"background_background\":\"classic\",\"background_color\":\"#f7f7f7\",\"margin_mobile\":{\"unit\":\"px\",\"top\":\"0\",\"right\":0,\"bottom\":\"0\",\"left\":0,\"isLinked\":false},\"padding\":{\"unit\":\"px\",\"top\":\"0\",\"right\":\"0\",\"bottom\":\"100\",\"left\":\"0\",\"isLinked\":false}},\"elements\":[{\"id\":\"25a9ecd3\",\"elType\":\"column\",\"settings\":{\"_column_size\":100,\"background_background\":\"classic\",\"background_color\":\"#ffffff\",\"box_shadow_box_shadow_type\":\"yes\",\"box_shadow_box_shadow\":{\"horizontal\":0,\"vertical\":0,\"blur\":10,\"spread\":0,\"color\":\"rgba(0,0,0,0.1)\"},\"margin\":{\"unit\":\"px\",\"top\":\"-550\",\"right\":\"0\",\"bottom\":\"0\",\"left\":\"0\",\"isLinked\":false},\"padding\":{\"unit\":\"px\",\"top\":\"50\",\"right\":\"50\",\"bottom\":\"50\",\"left\":\"50\",\"isLinked\":true},\"padding_mobile\":{\"unit\":\"px\",\"top\":\"20\",\"right\":\"5\",\"bottom\":\"0\",\"left\":\"5\",\"isLinked\":false}},\"elements\":[{\"id\":\"7e1e2bcc\",\"elType\":\"widget\",\"settings\":{\"title\":\"Elige tu Plan de Suscripci\\u00f3n\",\"align\":\"center\",\"title_color\":\"#000000\",\"typography_typography\":\"custom\",\"typography_font_size\":{\"unit\":\"em\",\"size\":2.5},\"typography_font_family\":\"Jomolhari\",\"typography_font_size_mobile\":{\"unit\":\"px\",\"size\":30,\"sizes\":[]}},\"elements\":[],\"widgetType\":\"heading\"},{\"id\":\"b6fbf48\",\"elType\":\"widget\",\"settings\":{\"space\":{\"unit\":\"px\",\"size\":14,\"sizes\":[]}},\"elements\":[],\"widgetType\":\"spacer\"},{\"id\":\"6ed2e6c3\",\"elType\":\"section\",\"settings\":{\"structure\":\"20\"},\"elements\":[{\"id\":\"7847aa4e\",\"elType\":\"column\",\"settings\":{\"_column_size\":50,\"_inline_size\":null,\"padding\":{\"unit\":\"px\",\"top\":\"0\",\"right\":\"20\",\"bottom\":\"0\",\"left\":\"100\",\"isLinked\":false},\"padding_tablet\":{\"unit\":\"px\",\"top\":\"0\",\"right\":\"10\",\"bottom\":\"0\",\"left\":\"10\",\"isLinked\":false},\"padding_mobile\":{\"unit\":\"px\",\"top\":\"0\",\"right\":\"10\",\"bottom\":\"10\",\"left\":\"10\",\"isLinked\":false}},\"elements\":[{\"id\":\"78d742cc\",\"elType\":\"widget\",\"settings\":{\"heading\":\"<span style=\\\"color: #FC650A;\\\">Prueba Gratuite de <\\\/span> <BR> 30 D\\u00edas\",\"sub_heading\":\"\",\"price\":\"0\",\"period\":\"&nbsp; &nbsp; PRUEBA\",\"features_list\":[{\"item_text\":\"Audiolibros completos\",\"item_icon\":\"fa fa-check\",\"_id\":\"2614469\",\"item_icon_color\":\"\",\"selected_item_icon\":{\"value\":\"\",\"library\":\"\"},\"__fa4_migrated\":{\"selected_item_icon\":true},\"index\":0},{\"item_text\":\"Cuestionarios y juegos\",\"item_icon\":\"fa fa-check\",\"_id\":\"6c42a07\",\"item_icon_color\":\"\",\"selected_item_icon\":{\"value\":\"\",\"library\":\"\"},\"__fa4_migrated\":{\"selected_item_icon\":true},\"index\":1},{\"item_text\":\"Aplicaci\\u00f3n para m\\u00f3vil\",\"item_icon\":\"fa fa-check\",\"_id\":\"8ddddc9\",\"item_icon_color\":\"#932012\",\"selected_item_icon\":{\"value\":\"\",\"library\":\"\"},\"__fa4_migrated\":{\"selected_item_icon\":true},\"index\":2}],\"button_text\":\"Registrarse\",\"footer_additional_info\":\"\",\"show_ribbon\":\"\",\"ribbon_title\":\"Popular\",\"header_bg_color\":\"#e1e1e1\",\"header_padding\":{\"unit\":\"px\",\"top\":\"40\",\"right\":\"40\",\"bottom\":\"0\",\"left\":\"40\",\"isLinked\":false},\"heading_typography_typography\":\"custom\",\"heading_typography_font_size\":{\"unit\":\"em\",\"size\":2.5},\"heading_typography_font_size_tablet\":{\"unit\":\"em\",\"size\":2.5},\"heading_typography_font_size_mobile\":{\"unit\":\"em\",\"size\":2},\"features_list_typography_typography\":\"custom\",\"features_list_typography_font_size\":{\"unit\":\"em\",\"size\":1.5},\"features_list_typography_font_size_tablet\":{\"unit\":\"em\",\"size\":1},\"features_list_alignment\":\"center\",\"item_width\":{\"unit\":\"px\",\"size\":100},\"item_width_mobile\":{\"unit\":\"px\",\"size\":55},\"button_typography_typography\":\"custom\",\"button_typography_font_size\":{\"unit\":\"em\",\"size\":1.5},\"button_typography_font_weight\":\"600\",\"button_background_color\":\"#fc650a\",\"button_hover_animation\":\"grow\",\"_padding_tablet\":{\"unit\":\"px\",\"top\":\"0\",\"right\":\"0\",\"bottom\":\"0\",\"left\":\"0\",\"isLinked\":true},\"_border_radius\":{\"unit\":\"px\",\"top\":\"0\",\"right\":\"0\",\"bottom\":\"0\",\"left\":\"0\",\"isLinked\":true},\"_box_shadow_box_shadow\":{\"horizontal\":0,\"vertical\":7,\"blur\":19,\"spread\":0,\"color\":\"rgba(0,0,0,0.42)\"},\"link\":{\"url\":\"https:\\\/\\\/childrenscenturyclassics.com\\\/es\\\/registrarse\\\/?level=2&lang=es\",\"is_external\":\"\",\"nofollow\":\"\"},\"heading_color\":\"#070707\",\"pricing_element_bg_color\":\"#e1e1e1\",\"price_color\":\"#140d2e\",\"price_typography_typography\":\"custom\",\"price_typography_font_size\":{\"unit\":\"px\",\"size\":100,\"sizes\":[]},\"currency_size\":{\"unit\":\"px\",\"size\":41,\"sizes\":[]},\"fractional-part_size\":{\"unit\":\"px\",\"size\":0,\"sizes\":[]},\"features_list_bg_color\":\"#ededed\",\"features_list_padding\":{\"unit\":\"px\",\"top\":\"50\",\"right\":\"0\",\"bottom\":\"0\",\"left\":\"0\",\"isLinked\":false},\"features_list_color\":\"#3f3f3f\",\"features_list_typography_font_family\":\"Poppins\",\"list_divider\":\"\",\"footer_bg_color\":\"#ededed\",\"button_typography_font_family\":\"Evolventa\",\"button_border_radius\":{\"unit\":\"px\",\"top\":\"0\",\"right\":\"0\",\"bottom\":\"0\",\"left\":\"0\",\"isLinked\":true},\"button_text_padding\":{\"unit\":\"px\",\"top\":\"10\",\"right\":\"70\",\"bottom\":\"10\",\"left\":\"70\",\"isLinked\":false}},\"elements\":[],\"widgetType\":\"price-table\"}],\"isInner\":true},{\"id\":\"18bbadbe\",\"elType\":\"column\",\"settings\":{\"_column_size\":50,\"_inline_size\":null,\"margin_tablet\":{\"unit\":\"px\",\"top\":\"0\",\"right\":\"0\",\"bottom\":\"0\",\"left\":\"0\",\"isLinked\":true},\"padding\":{\"unit\":\"px\",\"top\":\"0\",\"right\":\"100\",\"bottom\":\"0\",\"left\":\"10\",\"isLinked\":false},\"padding_tablet\":{\"unit\":\"px\",\"top\":\"0\",\"right\":\"10\",\"bottom\":\"0\",\"left\":\"10\",\"isLinked\":false}},\"elements\":[{\"id\":\"bb74234\",\"elType\":\"widget\",\"settings\":{\"heading\":\"<span style=\\\"color: #FC650A;\\\">Suscripci\\u00f3n <\\\/span> <BR>de por Vida\",\"sub_heading\":\"\",\"price\":\"39.99\",\"period\":\"DE POR VIDA\",\"features_list\":[{\"item_text\":\"Audiolibros completos\",\"item_icon\":\"fa fa-check\",\"_id\":\"2614469\",\"item_icon_color\":\"\",\"selected_item_icon\":{\"value\":\"\",\"library\":\"\"},\"__fa4_migrated\":{\"selected_item_icon\":true},\"index\":0},{\"item_text\":\"Cuestionarios y juegos\",\"item_icon\":\"fa fa-check\",\"_id\":\"6c42a07\",\"item_icon_color\":\"\",\"selected_item_icon\":{\"value\":\"\",\"library\":\"\"},\"__fa4_migrated\":{\"selected_item_icon\":true},\"index\":1},{\"item_text\":\"Aplicaci\\u00f3n para m\\u00f3vil\",\"item_icon\":\"fa fa-check\",\"_id\":\"8ddddc9\",\"item_icon_color\":\"#932012\",\"selected_item_icon\":{\"value\":\"\",\"library\":\"\"},\"__fa4_migrated\":{\"selected_item_icon\":true},\"index\":2}],\"button_text\":\"Registrarse\",\"footer_additional_info\":\"\",\"show_ribbon\":\"\",\"ribbon_title\":\"Popular\",\"header_bg_color\":\"#e1e1e1\",\"header_padding\":{\"unit\":\"px\",\"top\":\"40\",\"right\":\"40\",\"bottom\":\"0\",\"left\":\"40\",\"isLinked\":false},\"heading_typography_typography\":\"custom\",\"heading_typography_font_size\":{\"unit\":\"em\",\"size\":2.5},\"heading_typography_font_size_tablet\":{\"unit\":\"em\",\"size\":2.5},\"heading_typography_font_size_mobile\":{\"unit\":\"em\",\"size\":2},\"features_list_typography_typography\":\"custom\",\"features_list_typography_font_size\":{\"unit\":\"em\",\"size\":1.5},\"features_list_typography_font_size_tablet\":{\"unit\":\"em\",\"size\":1},\"features_list_alignment\":\"center\",\"item_width\":{\"unit\":\"px\",\"size\":100},\"item_width_mobile\":{\"unit\":\"px\",\"size\":55},\"button_typography_typography\":\"custom\",\"button_typography_font_size\":{\"unit\":\"em\",\"size\":1.5},\"button_typography_font_weight\":\"600\",\"button_background_color\":\"#fc650a\",\"button_hover_animation\":\"grow\",\"_padding_tablet\":{\"unit\":\"px\",\"top\":\"0\",\"right\":\"0\",\"bottom\":\"0\",\"left\":\"0\",\"isLinked\":true},\"_border_radius\":{\"unit\":\"px\",\"top\":\"0\",\"right\":\"0\",\"bottom\":\"0\",\"left\":\"0\",\"isLinked\":true},\"_box_shadow_box_shadow\":{\"horizontal\":0,\"vertical\":7,\"blur\":19,\"spread\":0,\"color\":\"rgba(0,0,0,0.42)\"},\"link\":{\"url\":\"https:\\\/\\\/childrenscenturyclassics.com\\\/es\\\/registrarse\\\/?level=1&lang=es\",\"is_external\":\"\",\"nofollow\":\"\"},\"heading_color\":\"#070707\",\"pricing_element_bg_color\":\"#e1e1e1\",\"price_color\":\"#140d2e\",\"price_typography_typography\":\"custom\",\"price_typography_font_size\":{\"unit\":\"px\",\"size\":100,\"sizes\":[]},\"currency_size\":{\"unit\":\"px\",\"size\":41,\"sizes\":[]},\"fractional-part_size\":{\"unit\":\"px\",\"size\":30,\"sizes\":[]},\"features_list_bg_color\":\"#ededed\",\"features_list_padding\":{\"unit\":\"px\",\"top\":\"50\",\"right\":\"0\",\"bottom\":\"0\",\"left\":\"0\",\"isLinked\":false},\"features_list_color\":\"#3f3f3f\",\"features_list_typography_font_family\":\"Poppins\",\"list_divider\":\"\",\"footer_bg_color\":\"#ededed\",\"button_typography_font_family\":\"Evolventa\",\"button_border_radius\":{\"unit\":\"px\",\"top\":\"0\",\"right\":\"0\",\"bottom\":\"0\",\"left\":\"0\",\"isLinked\":true},\"button_text_padding\":{\"unit\":\"px\",\"top\":\"10\",\"right\":\"70\",\"bottom\":\"10\",\"left\":\"70\",\"isLinked\":false}},\"elements\":[],\"widgetType\":\"price-table\"}],\"isInner\":true}],\"isInner\":true},{\"id\":\"25a6fe4\",\"elType\":\"widget\",\"settings\":[],\"elements\":[],\"widgetType\":\"spacer\"}],\"isInner\":false}],\"isInner\":false}]","_elementor_page_settings":null},"categories":[59],"tags":[],"class_list":["post-21865","page","type-page","status-publish","hentry","category-user-pages-es","entry"],"acf":[],"yoast_head":"<!-- This site is optimized with the Yoast SEO plugin v26.7 - https:\/\/yoast.com\/wordpress\/plugins\/seo\/ -->\n<title>Opciones de suscripci\u00f3n - Children&#039;s Century Classics<\/title>\n<meta name=\"robots\" content=\"index, follow, max-snippet:-1, max-image-preview:large, max-video-preview:-1\" \/>\n<link rel=\"canonical\" href=\"https:\/\/api.childrenscenturyclassics.com\/es\/signup\/\" \/>\n<meta property=\"og:locale\" content=\"es_ES\" \/>\n<meta property=\"og:type\" content=\"article\" \/>\n<meta property=\"og:title\" content=\"Opciones de suscripci\u00f3n - Children&#039;s Century Classics\" \/>\n<meta property=\"og:description\" content=\"Elige tu Plan de Suscripci\u00f3n Prueba Gratuite de 30 D\u00edas &#036; 0 &nbsp; &nbsp; PRUEBA Audiolibros completos Cuestionarios y juegos Aplicaci\u00f3n para m\u00f3vil Registrarse Suscripci\u00f3n de por Vida &#036; 39 99 DE POR VIDA Audiolibros completos Cuestionarios y juegos Aplicaci\u00f3n para m\u00f3vil Registrarse\" \/>\n<meta property=\"og:url\" content=\"https:\/\/api.childrenscenturyclassics.com\/es\/signup\/\" \/>\n<meta property=\"og:site_name\" content=\"Children&#039;s Century Classics\" \/>\n<meta property=\"article:modified_time\" content=\"2020-02-26T04:56:10+00:00\" \/>\n<meta name=\"twitter:card\" content=\"summary_large_image\" \/>\n<script type=\"application\/ld+json\" class=\"yoast-schema-graph\">{\"@context\":\"https:\/\/schema.org\",\"@graph\":[{\"@type\":\"WebPage\",\"@id\":\"https:\/\/api.childrenscenturyclassics.com\/es\/signup\/\",\"url\":\"https:\/\/api.childrenscenturyclassics.com\/es\/signup\/\",\"name\":\"Opciones de suscripci\u00f3n - Children&#039;s Century Classics\",\"isPartOf\":{\"@id\":\"https:\/\/api.childrenscenturyclassics.com\/es\/#website\"},\"datePublished\":\"2020-02-24T11:28:35+00:00\",\"dateModified\":\"2020-02-26T04:56:10+00:00\",\"breadcrumb\":{\"@id\":\"https:\/\/api.childrenscenturyclassics.com\/es\/signup\/#breadcrumb\"},\"inLanguage\":\"es\",\"potentialAction\":[{\"@type\":\"ReadAction\",\"target\":[\"https:\/\/api.childrenscenturyclassics.com\/es\/signup\/\"]}]},{\"@type\":\"BreadcrumbList\",\"@id\":\"https:\/\/api.childrenscenturyclassics.com\/es\/signup\/#breadcrumb\",\"itemListElement\":[{\"@type\":\"ListItem\",\"position\":1,\"name\":\"Home\",\"item\":\"https:\/\/api.childrenscenturyclassics.com\/es\/home-espanol\/\"},{\"@type\":\"ListItem\",\"position\":2,\"name\":\"Opciones de suscripci\u00f3n\"}]},{\"@type\":\"WebSite\",\"@id\":\"https:\/\/api.childrenscenturyclassics.com\/es\/#website\",\"url\":\"https:\/\/api.childrenscenturyclassics.com\/es\/\",\"name\":\"Children&#039;s Century Classics\",\"description\":\"Bible Stories For Children\",\"publisher\":{\"@id\":\"https:\/\/api.childrenscenturyclassics.com\/es\/#organization\"},\"potentialAction\":[{\"@type\":\"SearchAction\",\"target\":{\"@type\":\"EntryPoint\",\"urlTemplate\":\"https:\/\/api.childrenscenturyclassics.com\/es\/?s={search_term_string}\"},\"query-input\":{\"@type\":\"PropertyValueSpecification\",\"valueRequired\":true,\"valueName\":\"search_term_string\"}}],\"inLanguage\":\"es\"},{\"@type\":\"Organization\",\"@id\":\"https:\/\/api.childrenscenturyclassics.com\/es\/#organization\",\"name\":\"Children&#039;s Century Classics\",\"url\":\"https:\/\/api.childrenscenturyclassics.com\/es\/\",\"logo\":{\"@type\":\"ImageObject\",\"inLanguage\":\"es\",\"@id\":\"https:\/\/api.childrenscenturyclassics.com\/es\/#\/schema\/logo\/image\/\",\"url\":\"https:\/\/api.childrenscenturyclassics.com\/wp-content\/uploads\/2020\/05\/logo.png\",\"contentUrl\":\"https:\/\/api.childrenscenturyclassics.com\/wp-content\/uploads\/2020\/05\/logo.png\",\"width\":270,\"height\":74,\"caption\":\"Children&#039;s Century Classics\"},\"image\":{\"@id\":\"https:\/\/api.childrenscenturyclassics.com\/es\/#\/schema\/logo\/image\/\"}}]}<\/script>\n<!-- \/ Yoast SEO plugin. -->","yoast_head_json":{"title":"Opciones de suscripci\u00f3n - Children&#039;s Century Classics","robots":{"index":"index","follow":"follow","max-snippet":"max-snippet:-1","max-image-preview":"max-image-preview:large","max-video-preview":"max-video-preview:-1"},"canonical":"https:\/\/api.childrenscenturyclassics.com\/es\/signup\/","og_locale":"es_ES","og_type":"article","og_title":"Opciones de suscripci\u00f3n - Children&#039;s Century Classics","og_description":"Elige tu Plan de Suscripci\u00f3n Prueba Gratuite de 30 D\u00edas &#36; 0 &nbsp; &nbsp; PRUEBA Audiolibros completos Cuestionarios y juegos Aplicaci\u00f3n para m\u00f3vil Registrarse Suscripci\u00f3n de por Vida &#36; 39 99 DE POR VIDA Audiolibros completos Cuestionarios y juegos Aplicaci\u00f3n para m\u00f3vil Registrarse","og_url":"https:\/\/api.childrenscenturyclassics.com\/es\/signup\/","og_site_name":"Children&#039;s Century Classics","article_modified_time":"2020-02-26T04:56:10+00:00","twitter_card":"summary_large_image","schema":{"@context":"https:\/\/schema.org","@graph":[{"@type":"WebPage","@id":"https:\/\/api.childrenscenturyclassics.com\/es\/signup\/","url":"https:\/\/api.childrenscenturyclassics.com\/es\/signup\/","name":"Opciones de suscripci\u00f3n - Children&#039;s Century Classics","isPartOf":{"@id":"https:\/\/api.childrenscenturyclassics.com\/es\/#website"},"datePublished":"2020-02-24T11:28:35+00:00","dateModified":"2020-02-26T04:56:10+00:00","breadcrumb":{"@id":"https:\/\/api.childrenscenturyclassics.com\/es\/signup\/#breadcrumb"},"inLanguage":"es","potentialAction":[{"@type":"ReadAction","target":["https:\/\/api.childrenscenturyclassics.com\/es\/signup\/"]}]},{"@type":"BreadcrumbList","@id":"https:\/\/api.childrenscenturyclassics.com\/es\/signup\/#breadcrumb","itemListElement":[{"@type":"ListItem","position":1,"name":"Home","item":"https:\/\/api.childrenscenturyclassics.com\/es\/home-espanol\/"},{"@type":"ListItem","position":2,"name":"Opciones de suscripci\u00f3n"}]},{"@type":"WebSite","@id":"https:\/\/api.childrenscenturyclassics.com\/es\/#website","url":"https:\/\/api.childrenscenturyclassics.com\/es\/","name":"Children&#039;s Century Classics","description":"Bible Stories For Children","publisher":{"@id":"https:\/\/api.childrenscenturyclassics.com\/es\/#organization"},"potentialAction":[{"@type":"SearchAction","target":{"@type":"EntryPoint","urlTemplate":"https:\/\/api.childrenscenturyclassics.com\/es\/?s={search_term_string}"},"query-input":{"@type":"PropertyValueSpecification","valueRequired":true,"valueName":"search_term_string"}}],"inLanguage":"es"},{"@type":"Organization","@id":"https:\/\/api.childrenscenturyclassics.com\/es\/#organization","name":"Children&#039;s Century Classics","url":"https:\/\/api.childrenscenturyclassics.com\/es\/","logo":{"@type":"ImageObject","inLanguage":"es","@id":"https:\/\/api.childrenscenturyclassics.com\/es\/#\/schema\/logo\/image\/","url":"https:\/\/api.childrenscenturyclassics.com\/wp-content\/uploads\/2020\/05\/logo.png","contentUrl":"https:\/\/api.childrenscenturyclassics.com\/wp-content\/uploads\/2020\/05\/logo.png","width":270,"height":74,"caption":"Children&#039;s Century Classics"},"image":{"@id":"https:\/\/api.childrenscenturyclassics.com\/es\/#\/schema\/logo\/image\/"}}]}},"_links":{"self":[{"href":"https:\/\/api.childrenscenturyclassics.com\/es\/wp-json\/wp\/v2\/pages\/21865","targetHints":{"allow":["GET"]}}],"collection":[{"href":"https:\/\/api.childrenscenturyclassics.com\/es\/wp-json\/wp\/v2\/pages"}],"about":[{"href":"https:\/\/api.childrenscenturyclassics.com\/es\/wp-json\/wp\/v2\/types\/page"}],"author":[{"embeddable":true,"href":"https:\/\/api.childrenscenturyclassics.com\/es\/wp-json\/wp\/v2\/users\/1747"}],"replies":[{"embeddable":true,"href":"https:\/\/api.childrenscenturyclassics.com\/es\/wp-json\/wp\/v2\/comments?post=21865"}],"version-history":[{"count":0,"href":"https:\/\/api.childrenscenturyclassics.com\/es\/wp-json\/wp\/v2\/pages\/21865\/revisions"}],"wp:attachment":[{"href":"https:\/\/api.childrenscenturyclassics.com\/es\/wp-json\/wp\/v2\/media?parent=21865"}],"wp:term":[{"taxonomy":"category","embeddable":true,"href":"https:\/\/api.childrenscenturyclassics.com\/es\/wp-json\/wp\/v2\/categories?post=21865"},{"taxonomy":"post_tag","embeddable":true,"href":"https:\/\/api.childrenscenturyclassics.com\/es\/wp-json\/wp\/v2\/tags?post=21865"}],"curies":[{"name":"wp","href":"https:\/\/api.w.org\/{rel}","templated":true}]}}